{"id":1632,"date":"2020-03-13T20:40:56","date_gmt":"2020-03-13T17:40:56","guid":{"rendered":"https:\/\/sepa.org.tr\/?page_id=1632"},"modified":"2020-06-07T17:39:40","modified_gmt":"2020-06-07T14:39:40","slug":"plastic-packaging-industry-legislation","status":"publish","type":"page","link":"https:\/\/sepa.org.tr\/en\/plastic-packaging-industry-legislation\/","title":{"rendered":"Legislation"},"content":{"rendered":"<h4>Packaging Waste<\/h4>\n<ul>\n<li><a href=\"https:\/\/sepa.org.tr\/wp-content\/uploads\/2020\/03\/geri-kazanim-katilim-payi-2019-1.pdf\" target=\"_blank\" rel=\"noopener noreferrer\">Deposit Refund Regulation 30995-31\/12\/2019.pdf<\/a><\/li>\n<li><a href=\"https:\/\/sepa.org.tr\/wp-content\/uploads\/2020\/03\/atik.pdf\" target=\"_blank\" rel=\"noopener noreferrer\">Zero Waste Regulation 30829-12\/07\/2019.pdf<\/a><\/li>\n<li><a href=\"https:\/\/sepa.org.tr\/wp-content\/uploads\/2020\/03\/Ambalaj-Atiklarinin-Kontrolu-Yonetmeligi-2011.pdf\" target=\"_blank\" rel=\"noopener noreferrer\">EU Packaging and Packaging Waste Directive CONSLEG:1994 L0062-18\/02\/2004.pdf<\/a><\/li>\n<li><a href=\"https:\/\/sepa.org.tr\/wp-content\/uploads\/2020\/03\/AB-Ambalaj-ve-Ambalaj-atiklari-Direktifi-Turkce.pdf\" target=\"_blank\" rel=\"noopener noreferrer\">Turkish Packaging Waste Regulation 28305-24\/08\/2011.pdf<\/a><\/li>\n<\/ul>\n<h4>Food Contact<\/h4>\n<ul>\n<li><a href=\"https:\/\/sepa.org.tr\/wp-content\/uploads\/2020\/03\/gida-ile-temas-eden-plastik-2019-1.pdf\" target=\"_blank\" rel=\"noopener noreferrer\">Regulations About Plastik &amp; Articles in Contact With Food 30989-25\/12\/2019.pdf &#8211; NEW!<\/a><\/li>\n<li><a href=\"https:\/\/sepa.org.tr\/wp-content\/uploads\/2020\/03\/gida_ile_temas_eden_plastik_migrasyon_testi-1.pdf\" target=\"_blank\" rel=\"noopener noreferrer\">List of Similar Foods Used in Migration Test of Components of Plastic Materials and Materials in Contact with Food 30989-25\/12\/2019.pdf &#8211; NEW!<\/a><\/li>\n<li><a href=\"https:\/\/sepa.org.tr\/wp-content\/uploads\/2020\/03\/Gida-ile-temas-yeni-yonetmelik-AA.pdf\" target=\"_blank\" rel=\"noopener noreferrer\">Plastics Regulation-Turkish 28157-29\/12\/2011.pdf<\/a><\/li>\n<li><a href=\"https:\/\/sepa.org.tr\/wp-content\/uploads\/2020\/03\/Gida-Maddeleri-ile-Temasta-Bulunan-Plastik.pdf\" target=\"_blank\" rel=\"noopener noreferrer\">Regulations About Articles in Contact With Food 26807-05\/03\/2008.pdf<\/a><\/li>\n<li><a href=\"https:\/\/sepa.org.tr\/wp-content\/uploads\/2020\/03\/Gida-Maddelerinin-Genel-Etiketleme.pdf\" target=\"_blank\" rel=\"noopener noreferrer\">Labelling Rules Regulation-Turkish 24857-25\/08\/2002.pdf<\/a><\/li>\n<li><a href=\"https:\/\/sepa.org.tr\/wp-content\/uploads\/2020\/03\/Gida-Maddeleri-ile-Temas-Eden-VCM.pdf\" target=\"_blank\" rel=\"noopener noreferrer\">VCM Regulation-Turkish 24663-06\/02\/2002.pdf<\/a><\/li>\n<\/ul>\n<h4>Prepacked Products<\/h4>\n<ul>\n<li><a href=\"https:\/\/sepa.org.tr\/wp-content\/uploads\/2020\/03\/75-106-AT.pdf\" target=\"_blank\" rel=\"noopener noreferrer\">Volume of Liquid Products &#8211; Turkish 26215-01\/07\/2006.pdf<\/a><\/li>\n<li><a href=\"https:\/\/sepa.org.tr\/wp-content\/uploads\/2020\/03\/80-232-AT.pdf\" target=\"_blank\" rel=\"noopener noreferrer\">Nominal Capacity and Filling Amount &#8211; Turkish 26215-01\/07\/2006.pdf<\/a><\/li>\n<li><a href=\"https:\/\/sepa.org.tr\/wp-content\/uploads\/2020\/03\/76-211-AT.pdf\" target=\"_blank\" rel=\"noopener noreferrer\">Measurement Procedures &#8211; Turkish 24723-11\/04\/2002.pdf<\/a><\/li>\n<li><a href=\"https:\/\/sepa.org.tr\/wp-content\/uploads\/2020\/03\/75-107-AT.pdf\" target=\"_blank\" rel=\"noopener noreferrer\">Weight and Volume vs Net Amount &#8211; Turkish 24722-10\/04\/2002.pdf<\/a><\/li>\n<\/ul>\n<h4>Dangerous Goods<\/h4>\n<ul>\n<li><a href=\"https:\/\/sepa.org.tr\/wp-content\/uploads\/2020\/03\/ADR.pdf\" target=\"_blank\" rel=\"noopener noreferrer\">APackaging ADR &#8211; Turkish 26907-15\/06\/2008.pdf<\/a><\/li>\n<\/ul>\n<h4>Others<\/h4>\n<ul>\n<li>Organize Sanayi B\u00f6lgeleri Uygulama Y\u00f6netmeli\u011finde De\u011fi\u015fiklik Yap\u0131lmas\u0131na Dair Y\u00f6netmelik 30854-06\/08\/2019.pdf<\/li>\n<\/ul>\n","protected":false},"excerpt":{"rendered":"<p>Packaging Waste Deposit Refund Regulation 30995-31\/12\/2019.pdf Zero Waste Regulation 30829-12\/07\/2019.pdf EU Packaging and Packaging Waste Directive CONSLEG:1994 L0062-18\/02\/2004.pdf Turkish Packaging Waste Regulation 28305-24\/08\/2011.pdf Food Contact Regulations About Plastik &amp; Articles in Contact With Food 30989-25\/12\/2019.pdf &#8211; NEW! List of Similar Foods Used in Migration Test of Components of Plastic Materials and Materials in Contact with [&hellip;]<\/p>\n","protected":false},"author":1,"featured_media":0,"parent":0,"menu_order":0,"comment_status":"closed","ping_status":"closed","template":"","meta":{"_acf_changed":false,"footnotes":""},"class_list":["post-1632","page","type-page","status-publish","hentry"],"acf":[],"yoast_head":"<!-- This site is optimized with the Yoast SEO plugin v27.5 - https:\/\/yoast.com\/product\/yoast-seo-wordpress\/ -->\n<title>Legislation - SEPA<\/title>\n<meta name=\"description\" content=\"Plastic Packages; Regulations about Rigid Plastic Packaging Industry in Turkey and Europe from SEPA Rigid Plastic Packaging Manufacturing Association Page\" \/>\n<meta name=\"robots\" content=\"index, follow, max-snippet:-1, max-image-preview:large, max-video-preview:-1\" \/>\n<link rel=\"canonical\" href=\"https:\/\/sepa.org.tr\/en\/plastic-packaging-industry-legislation\/\" \/>\n<meta property=\"og:locale\" content=\"en_US\" \/>\n<meta property=\"og:type\" content=\"article\" \/>\n<meta property=\"og:title\" content=\"Legislation - SEPA\" \/>\n<meta property=\"og:description\" content=\"Plastic Packages; Regulations about Rigid Plastic Packaging Industry in Turkey and Europe from SEPA Rigid Plastic Packaging Manufacturing Association Page\" \/>\n<meta property=\"og:url\" content=\"https:\/\/sepa.org.tr\/en\/plastic-packaging-industry-legislation\/\" \/>\n<meta property=\"og:site_name\" content=\"SEPA\" \/>\n<meta property=\"article:modified_time\" content=\"2020-06-07T14:39:40+00:00\" \/>\n<meta property=\"og:image\" content=\"https:\/\/sepa.org.tr\/wp-content\/uploads\/2020\/03\/default.jpg\" \/>\n\t<meta property=\"og:image:width\" content=\"729\" \/>\n\t<meta property=\"og:image:height\" content=\"450\" \/>\n\t<meta property=\"og:image:type\" content=\"image\/jpeg\" \/>\n<meta name=\"twitter:card\" content=\"summary_large_image\" \/>\n<meta name=\"twitter:label1\" content=\"Est. reading time\" \/>\n\t<meta name=\"twitter:data1\" content=\"1 minute\" \/>\n<script type=\"application\/ld+json\" class=\"yoast-schema-graph\">{\"@context\":\"https:\\\/\\\/schema.org\",\"@graph\":[{\"@type\":\"WebPage\",\"@id\":\"https:\\\/\\\/sepa.org.tr\\\/en\\\/plastic-packaging-industry-legislation\\\/\",\"url\":\"https:\\\/\\\/sepa.org.tr\\\/en\\\/plastic-packaging-industry-legislation\\\/\",\"name\":\"Legislation - SEPA\",\"isPartOf\":{\"@id\":\"https:\\\/\\\/sepa.org.tr\\\/en\\\/#website\"},\"datePublished\":\"2020-03-13T17:40:56+00:00\",\"dateModified\":\"2020-06-07T14:39:40+00:00\",\"description\":\"Plastic Packages; Regulations about Rigid Plastic Packaging Industry in Turkey and Europe from SEPA Rigid Plastic Packaging Manufacturing Association Page\",\"breadcrumb\":{\"@id\":\"https:\\\/\\\/sepa.org.tr\\\/en\\\/plastic-packaging-industry-legislation\\\/#breadcrumb\"},\"inLanguage\":\"en-US\",\"potentialAction\":[{\"@type\":\"ReadAction\",\"target\":[\"https:\\\/\\\/sepa.org.tr\\\/en\\\/plastic-packaging-industry-legislation\\\/\"]}]},{\"@type\":\"BreadcrumbList\",\"@id\":\"https:\\\/\\\/sepa.org.tr\\\/en\\\/plastic-packaging-industry-legislation\\\/#breadcrumb\",\"itemListElement\":[{\"@type\":\"ListItem\",\"position\":1,\"name\":\"Ana sayfa\",\"item\":\"https:\\\/\\\/sepa.org.tr\\\/en\\\/\"},{\"@type\":\"ListItem\",\"position\":2,\"name\":\"Legislation\"}]},{\"@type\":\"WebSite\",\"@id\":\"https:\\\/\\\/sepa.org.tr\\\/en\\\/#website\",\"url\":\"https:\\\/\\\/sepa.org.tr\\\/en\\\/\",\"name\":\"SEPA\",\"description\":\"Sert Plastik Ambalaj Sanayicileri Derne\u011fi\",\"potentialAction\":[{\"@type\":\"SearchAction\",\"target\":{\"@type\":\"EntryPoint\",\"urlTemplate\":\"https:\\\/\\\/sepa.org.tr\\\/en\\\/?s={search_term_string}\"},\"query-input\":{\"@type\":\"PropertyValueSpecification\",\"valueRequired\":true,\"valueName\":\"search_term_string\"}}],\"inLanguage\":\"en-US\"}]}<\/script>\n<!-- \/ Yoast SEO plugin. -->","yoast_head_json":{"title":"Legislation - SEPA","description":"Plastic Packages; Regulations about Rigid Plastic Packaging Industry in Turkey and Europe from SEPA Rigid Plastic Packaging Manufacturing Association Page","robots":{"index":"index","follow":"follow","max-snippet":"max-snippet:-1","max-image-preview":"max-image-preview:large","max-video-preview":"max-video-preview:-1"},"canonical":"https:\/\/sepa.org.tr\/en\/plastic-packaging-industry-legislation\/","og_locale":"en_US","og_type":"article","og_title":"Legislation - SEPA","og_description":"Plastic Packages; Regulations about Rigid Plastic Packaging Industry in Turkey and Europe from SEPA Rigid Plastic Packaging Manufacturing Association Page","og_url":"https:\/\/sepa.org.tr\/en\/plastic-packaging-industry-legislation\/","og_site_name":"SEPA","article_modified_time":"2020-06-07T14:39:40+00:00","og_image":[{"width":729,"height":450,"url":"https:\/\/sepa.org.tr\/wp-content\/uploads\/2020\/03\/default.jpg","type":"image\/jpeg"}],"twitter_card":"summary_large_image","twitter_misc":{"Est. reading time":"1 minute"},"schema":{"@context":"https:\/\/schema.org","@graph":[{"@type":"WebPage","@id":"https:\/\/sepa.org.tr\/en\/plastic-packaging-industry-legislation\/","url":"https:\/\/sepa.org.tr\/en\/plastic-packaging-industry-legislation\/","name":"Legislation - SEPA","isPartOf":{"@id":"https:\/\/sepa.org.tr\/en\/#website"},"datePublished":"2020-03-13T17:40:56+00:00","dateModified":"2020-06-07T14:39:40+00:00","description":"Plastic Packages; Regulations about Rigid Plastic Packaging Industry in Turkey and Europe from SEPA Rigid Plastic Packaging Manufacturing Association Page","breadcrumb":{"@id":"https:\/\/sepa.org.tr\/en\/plastic-packaging-industry-legislation\/#breadcrumb"},"inLanguage":"en-US","potentialAction":[{"@type":"ReadAction","target":["https:\/\/sepa.org.tr\/en\/plastic-packaging-industry-legislation\/"]}]},{"@type":"BreadcrumbList","@id":"https:\/\/sepa.org.tr\/en\/plastic-packaging-industry-legislation\/#breadcrumb","itemListElement":[{"@type":"ListItem","position":1,"name":"Ana sayfa","item":"https:\/\/sepa.org.tr\/en\/"},{"@type":"ListItem","position":2,"name":"Legislation"}]},{"@type":"WebSite","@id":"https:\/\/sepa.org.tr\/en\/#website","url":"https:\/\/sepa.org.tr\/en\/","name":"SEPA","description":"Sert Plastik Ambalaj Sanayicileri Derne\u011fi","potentialAction":[{"@type":"SearchAction","target":{"@type":"EntryPoint","urlTemplate":"https:\/\/sepa.org.tr\/en\/?s={search_term_string}"},"query-input":{"@type":"PropertyValueSpecification","valueRequired":true,"valueName":"search_term_string"}}],"inLanguage":"en-US"}]}},"_links":{"self":[{"href":"https:\/\/sepa.org.tr\/en\/wp-json\/wp\/v2\/pages\/1632","targetHints":{"allow":["GET"]}}],"collection":[{"href":"https:\/\/sepa.org.tr\/en\/wp-json\/wp\/v2\/pages"}],"about":[{"href":"https:\/\/sepa.org.tr\/en\/wp-json\/wp\/v2\/types\/page"}],"author":[{"embeddable":true,"href":"https:\/\/sepa.org.tr\/en\/wp-json\/wp\/v2\/users\/1"}],"replies":[{"embeddable":true,"href":"https:\/\/sepa.org.tr\/en\/wp-json\/wp\/v2\/comments?post=1632"}],"version-history":[{"count":4,"href":"https:\/\/sepa.org.tr\/en\/wp-json\/wp\/v2\/pages\/1632\/revisions"}],"predecessor-version":[{"id":1673,"href":"https:\/\/sepa.org.tr\/en\/wp-json\/wp\/v2\/pages\/1632\/revisions\/1673"}],"wp:attachment":[{"href":"https:\/\/sepa.org.tr\/en\/wp-json\/wp\/v2\/media?parent=1632"}],"curies":[{"name":"wp","href":"https:\/\/api.w.org\/{rel}","templated":true}]}}